{"id":9855,"date":"2019-10-05T09:23:27","date_gmt":"2019-10-05T07:23:27","guid":{"rendered":"https:\/\/pedantic-einstein.151-252-49-219.plesk.page\/tipps\/"},"modified":"2019-12-24T16:22:39","modified_gmt":"2019-12-24T15:22:39","slug":"conseils","status":"publish","type":"page","link":"https:\/\/yaweco.de\/fr\/conseils\/","title":{"rendered":"Conseils"},"content":{"rendered":"<p>[vc_row css=\u00a0\u00bb.vc_custom_1570881925094{border-bottom-width: 10px !important;background-color: rgba(247,255,247,0.46) !important;background-position: center !important;background-repeat: no-repeat !important;background-size: cover !important;*background-color: rgb(247,255,247) !important;border-bottom-color: #88ac28 !important;border-bottom-style: solid !important;}\u00a0\u00bb el_id=\u00a0\u00bberste_zeile\u00a0\u00bb][vc_column css=\u00a0\u00bb.vc_custom_1474466825264{padding-top: 0px !important;}\u00a0\u00bb][vc_row_inner row_content_width=\u00a0\u00bbgrid\u00a0\u00bb el_id=\u00a0\u00bbInterdental\u00a0\u00bb][vc_column_inner width=\u00a0\u00bb2\/3&Prime;][vc_column_text css=\u00a0\u00bb.vc_custom_1575544138571{padding-bottom: 30px !important;}\u00a0\u00bb]<\/p>\n<h2>Zone interdentaire<\/h2>\n<p>[\/vc_column_text][\/vc_column_inner][vc_column_inner width=\u00a0\u00bb1\/3&Prime;][\/vc_column_inner][\/vc_row_inner][vc_row_inner row_content_width=\u00a0\u00bbgrid\u00a0\u00bb css=\u00a0\u00bb.vc_custom_1570260280162{padding-top: 0px !important;padding-bottom: 114px !important;}\u00a0\u00bb][vc_column_inner width=\u00a0\u00bb2\/3&Prime;][vc_column_text css=\u00a0\u00bb.vc_custom_1575544155128{padding-bottom: 30px !important;}\u00a0\u00bb]Une partie de la dent se situe dans une zone que la brosse \u00e0 dents ne permet pas d\u2019atteindre correctement. La plaque dentaire qui se trouve dans ces zones est \u00e0 l\u2019origine de caries et de parodontose. Outre les fissures et les concavit\u00e9s pr\u00e9sentes sur les surfaces de mastication, l\u2019espace interdentaire est une zone critique qui n\u00e9cessite un nettoyage suppl\u00e9mentaire.<\/p>\n<p>Pour les molaires, cela repr\u00e9sente pr\u00e8s de 40\u00a0% de la surface de la dent. Mais quelle que soit les dimensions de ces surfaces, il s\u2019agit de zones critiques qui doivent faire l\u2019objet d\u2019un nettoyage suppl\u00e9mentaire. On devrait chaque jour \u00ab d\u00e9placer \u00bb les r\u00e9sidus \u00e0 l\u2019aide d\u2019une brossette interdentaire adapt\u00e9e ou d\u2019un fil dentaire. Or les acides pr\u00e9sents dans la plaque dentaire ont besoin de 24 heures pour agir sur la dent.<br \/>\nEn y consacrant quelques secondes par jour et en utilisant l\u2019agr\u00e9able fil dentaire yaweco ou nos brossettes interdentaires, vous faites tout ce qu\u2019il faut pour conserver vos dents naturelles. Votre prochain rendez-vous chez le dentiste ne sera alors qu\u2019une simple formalit\u00e9.[\/vc_column_text]<a itemprop=\"url\" href=\"\/fr\/produits\/fil-dentaire\/\" target=\"_self\"  class=\"eltdf-btn eltdf-btn-medium eltdf-btn-solid eltdf-btn-animation\"  >\n    <span class=\"eltdf-btn-text\">\n    D\u00e9couvrir le fil dentaire yaweco        \t<span class=\"eltdf-btn-bottom-line\"><\/span>\n    \t<span class=\"eltdf-btn-upper-line\"><\/span>\n        <\/span>\n    <\/a>[\/vc_column_inner][vc_column_inner el_class=\u00a0\u00bbtipps_bilder\u00a0\u00bb width=\u00a0\u00bb1\/3&Prime;]<div class=\"eltdf-image-with-text-holder\">\n    <div class=\"eltdf-iwt-image\">\n                                    <img loading=\"lazy\" decoding=\"async\" width=\"2098\" height=\"1400\" src=\"https:\/\/yaweco.de\/wp-content\/uploads\/2019\/10\/Depositphotos_209617916_xl-2015.jpg\" class=\"attachment-full size-full\" alt=\"\" srcset=\"https:\/\/yaweco.de\/wp-content\/uploads\/2019\/10\/Depositphotos_209617916_xl-2015.jpg 2098w, https:\/\/yaweco.de\/wp-content\/uploads\/2019\/10\/Depositphotos_209617916_xl-2015-300x200.jpg 300w, https:\/\/yaweco.de\/wp-content\/uploads\/2019\/10\/Depositphotos_209617916_xl-2015-768x513.jpg 768w, https:\/\/yaweco.de\/wp-content\/uploads\/2019\/10\/Depositphotos_209617916_xl-2015-1024x683.jpg 1024w\" sizes=\"auto, (max-width: 2098px) 100vw, 2098px\" \/>                        <\/div>\n    <div class=\"eltdf-iwt-text-holder\">\n        \t\t    <\/div>\n<\/div>[\/vc_column_inner][\/vc_row_inner][\/vc_column][\/vc_row][vc_row css=\u00a0\u00bb.vc_custom_1570881933000{border-bottom-width: 10px !important;background-color: rgba(247,255,247,0.46) !important;background-position: center !important;background-repeat: no-repeat !important;background-size: cover !important;*background-color: rgb(247,255,247) !important;border-bottom-color: #88ac28 !important;border-bottom-style: solid !important;}\u00a0\u00bb el_id=\u00a0\u00bbzweite_zeile\u00a0\u00bb][vc_column css=\u00a0\u00bb.vc_custom_1474466825264{padding-top: 0px !important;}\u00a0\u00bb][vc_row_inner row_content_width=\u00a0\u00bbgrid\u00a0\u00bb css=\u00a0\u00bb.vc_custom_1570983716377{padding-top: 0px !important;padding-bottom: 0px !important;}\u00a0\u00bb el_id=\u00a0\u00bbBorsten\u00a0\u00bb][vc_column_inner width=\u00a0\u00bb2\/3&Prime;][vc_column_text css=\u00a0\u00bb.vc_custom_1575544180370{padding-bottom: 30px !important;}\u00a0\u00bb]<\/p>\n<h2>Les poils sont trop durs ?<\/h2>\n<p>[\/vc_column_text][\/vc_column_inner][vc_column_inner width=\u00a0\u00bb1\/3&Prime;][\/vc_column_inner][\/vc_row_inner][vc_row_inner row_content_width=\u00a0\u00bbgrid\u00a0\u00bb css=\u00a0\u00bb.vc_custom_1570260280162{padding-top: 0px !important;padding-bottom: 114px !important;}\u00a0\u00bb][vc_column_inner width=\u00a0\u00bb2\/3&Prime;][vc_column_text css=\u00a0\u00bb.vc_custom_1575544241110{padding-bottom: 30px !important;}\u00a0\u00bb]Pour tous ceux qui trouvent que les poils souples sont encore trop durs, notons que les poils s\u2019assouplissent une fois pass\u00e9s sous l\u2019eau chaude. Plus l\u2019eau est chaude, plus les poils s\u2019assouplissent. Avec des poils naturels, cet effet est renforc\u00e9 par rapport \u00e0 des poils en nylon. Une fois le brossage des dents termin\u00e9, lorsque les poils ont refroidi, ils retrouvent leurs caract\u00e9ristiques et leur duret\u00e9 normales. Les poils naturels ne sont propos\u00e9s qu\u2019en poils durs, un poil naturel n\u2019\u00e9tant h\u00e9las pas plus fin et donc pas plus souple \u00e0 travailler.<\/p>\n<h3>Peut-on faire bouillir les brosses \u00e0 dents ou les mettre au lave-vaisselle ?<\/h3>\n<p>Vous pouvez mettre le manche au lave-vaisselle. il r\u00e9siste \u00e0 des temp\u00e9ratures \u00e9lev\u00e9es. Seules les inscriptions pr\u00e9sentes sur le manche dispara\u00eetront. Vous pouvez aussi d\u00e9poser bri\u00e8vement les brosses \u00e0 dents dans de l\u2019eau chaude ou bouillante. Mais normalement, il suffit de les rincer sous un filet d\u2019eau. Si lorsque vous changez la t\u00eate, vous retrouvez des d\u00e9p\u00f4ts sur le manche au niveau de la t\u00eate, vous pouvez les \u00e9liminer sous un filet d\u2019eau. Ces d\u00e9p\u00f4ts ne sont pas nocifs. Ils sont constitu\u00e9s pour partie de dentifrice, ce qui emp\u00eache la prolif\u00e9ration de bact\u00e9ries.<\/p>\n<h3><strong>Pourquoi recommande-t-on de changer les t\u00eates toutes les 8 \u00e0 12 semaines?<\/strong><\/h3>\n<p>Avant tout pour des raisons d\u2019hygi\u00e8ne. Entre chacun des poils, dans les cavit\u00e9s, l\u00e0 o\u00f9 les poils sont fix\u00e9s, etc. se trouvent des espaces, dans lesquels des d\u00e9p\u00f4ts restent coinc\u00e9s. Le poil naturel observ\u00e9 au microscope ressemble \u00e0 un tube ouvert en haut. \u00c0 cet endroit aussi, des d\u00e9p\u00f4ts de dentifrice, de salive, etc. peuvent se fixer, m\u00eame s\u2019ils y sont en quantit\u00e9s microscopiques. Par ailleurs, l\u2019extr\u00e9mit\u00e9 des poils est polie de mani\u00e8re arrondie, pour ne blesser ni les gencives ni l\u2019\u00e9mail des dents. Lorsque les poils s\u2019usent, cette forme arrondie s\u2019\u00e9rode peu \u00e0 peu.<br \/>\nAvec le kit de recharge yaweco, vous avez d\u00e9j\u00e0 4 t\u00eates de remplacement \u00e0 votre disposition. Cela vous aide \u00e0 suivre ces conseils et \u00e0 remplacer la t\u00eate toutes les 8 \u00e0 12 semaines. C\u2019est pratique, confortable et \u00e9conomique.<\/p>\n<h3>Nos brosses \u00e0 dents sont-elles v\u00e9gan?<\/h3>\n<p>Dans le cas des brosses \u00e0 dents dot\u00e9es de poils en nylon, les composants ne contiennent aucune mati\u00e8re d\u2019origine animale. Toutefois il n\u2019est pas possible, lors de la production, d\u2019exclure l\u2019utilisation d\u2019adjuvants et autres consommables, notamment constitu\u00e9s de substances animales. Sachant qu&rsquo;il existe plusieurs \u00e9tapes de production, une tra\u00e7abilit\u00e9 aussi d\u00e9taill\u00e9e est quasi impossible. Le fait est que dans le produit fini, on ne retrouve que peu voire pas de traces de substances animales.<\/p>\n<p>Dans le cas des brosses \u00e0 dents en poils naturels, elles sont con\u00e7ues \u00e0 partir de poils de porc et ne sont donc pas v\u00e9gan.[\/vc_column_text]<a itemprop=\"url\" href=\"\/fr\/produits\/brosse-a-dents-a-tete-amovible-i\/\" target=\"_self\"  class=\"eltdf-btn eltdf-btn-medium eltdf-btn-solid eltdf-btn-animation\"  >\n    <span class=\"eltdf-btn-text\">\n    D\u00e9couvrir la brosse \u00e0 dents \u00e0 t\u00eate amovible yaweco        \t<span class=\"eltdf-btn-bottom-line\"><\/span>\n    \t<span class=\"eltdf-btn-upper-line\"><\/span>\n        <\/span>\n    <\/a>[\/vc_column_inner][vc_column_inner el_class=\u00a0\u00bbtipps_bilder\u00a0\u00bb width=\u00a0\u00bb1\/3&Prime;]<div class=\"eltdf-image-with-text-holder\">\n    <div class=\"eltdf-iwt-image\">\n                                    <img loading=\"lazy\" decoding=\"async\" width=\"2100\" height=\"1400\" src=\"https:\/\/yaweco.de\/wp-content\/uploads\/2019\/10\/DSC09995-2.jpg\" class=\"attachment-full size-full\" alt=\"\" srcset=\"https:\/\/yaweco.de\/wp-content\/uploads\/2019\/10\/DSC09995-2.jpg 2100w, https:\/\/yaweco.de\/wp-content\/uploads\/2019\/10\/DSC09995-2-300x200.jpg 300w, https:\/\/yaweco.de\/wp-content\/uploads\/2019\/10\/DSC09995-2-768x512.jpg 768w, https:\/\/yaweco.de\/wp-content\/uploads\/2019\/10\/DSC09995-2-1024x683.jpg 1024w\" sizes=\"auto, (max-width: 2100px) 100vw, 2100px\" \/>                        <\/div>\n    <div class=\"eltdf-iwt-text-holder\">\n        \t\t    <\/div>\n<\/div>[\/vc_column_inner][\/vc_row_inner][\/vc_column][\/vc_row][vc_row css=\u00a0\u00bb.vc_custom_1570983727071{border-bottom-width: 10px !important;background-color: rgba(247,255,247,0.46) !important;background-position: center !important;background-repeat: no-repeat !important;background-size: cover !important;*background-color: rgb(247,255,247) !important;border-bottom-color: #88ac28 !important;border-bottom-style: solid !important;}\u00a0\u00bb el_id=\u00a0\u00bbKinderzahnpflege\u00a0\u00bb][vc_column css=\u00a0\u00bb.vc_custom_1474466825264{padding-top: 0px !important;}\u00a0\u00bb][vc_row_inner row_content_width=\u00a0\u00bbgrid\u00a0\u00bb css=\u00a0\u00bb.vc_custom_1570690991094{padding-bottom: 0px !important;}\u00a0\u00bb el_id=\u00a0\u00bbdritte_zeile\u00a0\u00bb][vc_column_inner width=\u00a0\u00bb2\/3&Prime;][vc_column_text css=\u00a0\u00bb.vc_custom_1575544273882{padding-bottom: 30px !important;}\u00a0\u00bb]<\/p>\n<h2>Les soins dentaires chez les enfants<\/h2>\n<p>[\/vc_column_text][\/vc_column_inner][vc_column_inner width=\u00a0\u00bb1\/3&Prime;][\/vc_column_inner][\/vc_row_inner][vc_row_inner row_content_width=\u00a0\u00bbgrid\u00a0\u00bb css=\u00a0\u00bb.vc_custom_1570270074823{padding-top: 0px !important;padding-bottom: 114px !important;}\u00a0\u00bb][vc_column_inner width=\u00a0\u00bb2\/3&Prime;][vc_column_text css=\u00a0\u00bb.vc_custom_1575544286745{padding-bottom: 30px !important;}\u00a0\u00bb]Le d\u00e9veloppement des dents de l\u2019enfant commence dans le ventre de sa m\u00e8re. Une raison suppl\u00e9mentaire pour la future m\u00e8re de veiller \u00e0 une alimentation \u00e9quilibr\u00e9e et riche en min\u00e9raux.<\/p>\n<p>Le brossage des dents devrait \u00eatre mis en place d\u00e8s l\u2019apparition de la premi\u00e8re dent. Ce sont d\u2019abord les parents qui brossent les dents de leur enfant. Mais ce dernier voudra sans doute bient\u00f4t de brosser les dents tout seul. C\u2019est une bonne chose mais veillez en tant qu\u2019adulte \u00e0 passer derri\u00e8re lui. C\u2019est seulement vers l\u2019\u00e2ge de 6 ans que l\u2019enfant poss\u00e8de la motricit\u00e9 fine n\u00e9cessaire au brossage correct des molaires. Il est par ailleurs conseill\u00e9 de nettoyer les espaces entre les dents du fond tous les deux \u00e0 trois jours \u00e0 l\u2019aide d\u2019un fil dentaire.\u00a0Motivez votre enfant en rendant le lavage de dents aussi agr\u00e9able que possible. Et nous savons tous \u00e9videmment que les enfants nous imitent. L\u2019exemple que vous lui donnez fera qu\u2019un jour ou l\u2019autre votre enfant se brossera les dents et se nettoiera les espaces interdentaires tout naturellement. Pensez aussi toujours aux rendez-vous de d\u00e9pistage r\u00e9guliers chez le dentiste, que m\u00eame une bonne hygi\u00e8ne dentaire ne permet pas de remplacer.[\/vc_column_text]<a itemprop=\"url\" href=\"\/fr\/produits\/brosse-a-dents-pour-enfants\/\" target=\"_self\"  class=\"eltdf-btn eltdf-btn-medium eltdf-btn-solid eltdf-btn-animation\"  >\n    <span class=\"eltdf-btn-text\">\n    D\u00e9couvrir les brosses \u00e0 dents yaweco        \t<span class=\"eltdf-btn-bottom-line\"><\/span>\n    \t<span class=\"eltdf-btn-upper-line\"><\/span>\n        <\/span>\n    <\/a>[\/vc_column_inner][vc_column_inner el_class=\u00a0\u00bbtipps_bilder\u00a0\u00bb width=\u00a0\u00bb1\/3&Prime;]<div class=\"eltdf-image-with-text-holder\">\n    <div class=\"eltdf-iwt-image\">\n                                    <img loading=\"lazy\" decoding=\"async\" width=\"2108\" height=\"1400\" src=\"https:\/\/yaweco.de\/wp-content\/uploads\/2019\/10\/AdobeStock_8142210.jpeg\" class=\"attachment-full size-full\" alt=\"\" srcset=\"https:\/\/yaweco.de\/wp-content\/uploads\/2019\/10\/AdobeStock_8142210.jpeg 2108w, https:\/\/yaweco.de\/wp-content\/uploads\/2019\/10\/AdobeStock_8142210-300x199.jpeg 300w, https:\/\/yaweco.de\/wp-content\/uploads\/2019\/10\/AdobeStock_8142210-768x510.jpeg 768w, https:\/\/yaweco.de\/wp-content\/uploads\/2019\/10\/AdobeStock_8142210-1024x680.jpeg 1024w\" sizes=\"auto, (max-width: 2108px) 100vw, 2108px\" \/>                        <\/div>\n    <div class=\"eltdf-iwt-text-holder\">\n        \t\t    <\/div>\n<\/div>[\/vc_column_inner][\/vc_row_inner][\/vc_column][\/vc_row][vc_row css=\u00a0\u00bb.vc_custom_1570983735338{border-bottom-width: 10px !important;background-color: rgba(247,255,247,0.46) !important;background-position: center !important;background-repeat: no-repeat !important;background-size: cover !important;*background-color: rgb(247,255,247) !important;border-bottom-color: #88ac28 !important;border-bottom-style: solid !important;}\u00a0\u00bb el_id=\u00a0\u00bbZahnUMundpflege\u00a0\u00bb][vc_column css=\u00a0\u00bb.vc_custom_1474466825264{padding-top: 0px !important;}\u00a0\u00bb][vc_row_inner row_content_width=\u00a0\u00bbgrid\u00a0\u00bb css=\u00a0\u00bb.vc_custom_1570260276315{padding-top: 114px !important;padding-bottom: 0px !important;}\u00a0\u00bb][vc_column_inner width=\u00a0\u00bb2\/3&Prime;][vc_column_text css=\u00a0\u00bb.vc_custom_1575544321535{padding-bottom: 30px !important;}\u00a0\u00bb]<\/p>\n<h2>Soins buccodentaires<\/h2>\n<p>[\/vc_column_text][\/vc_column_inner][vc_column_inner width=\u00a0\u00bb1\/3&Prime;][\/vc_column_inner][\/vc_row_inner][vc_row_inner row_content_width=\u00a0\u00bbgrid\u00a0\u00bb css=\u00a0\u00bb.vc_custom_1570260280162{padding-top: 0px !important;padding-bottom: 114px !important;}\u00a0\u00bb][vc_column_inner width=\u00a0\u00bb2\/3&Prime;][vc_column_text css=\u00a0\u00bb.vc_custom_1575544378892{padding-bottom: 30px !important;}\u00a0\u00bb]<\/p>\n<h3>Comment cela fonctionne-t-il et de quoi ai-je besoin?<\/h3>\n<p>Un sondage r\u00e9alis\u00e9 en Allemagne a conclu qu\u2019une large majorit\u00e9 (plus de 70 %) de la population d\u00e9clare se brosser les dents deux fois par jour. La plupart des r\u00e9parations entreprises par un dentiste, concernent les caries et la parodontose et sont dues \u00e0 une hygi\u00e8ne dentaire insuffisante.<\/p>\n<h3><strong>Que faisons-nous donc de mal?<\/strong><\/h3>\n<p>La fr\u00e9quence de brossage des dents n\u2019est apparemment pas en cause.<\/p>\n<p>Pour se brosser les dents, il faut tenir la brosse \u00e0 dents \u00e0 peu pr\u00e8s en angle droit par rapport aux dents et brosser ces derni\u00e8res de la gencive vers leur sommet = \u2018du rouge vers le blanc\u00a0\u00bb, en brossant d\u2019abord les surfaces de mastication puis les surfaces externes et enfin les surfaces internes. Il convient alors d\u2019exercer une pression la plus faible possible, afin de pr\u00e9server la gencive et l\u2019\u00e9mail, surtout au niveau du fragile collet de la dent. C\u2019est ce que nous l\u2019apprenons \u00e0 nos enfants depuis tout petits.<\/p>\n<p>Or une partie de la dent se trouve entre les dents et la brosse \u00e0 dents n\u2019acc\u00e8de pas \u00e0 toutes ces parties. Aussi est-il recommand\u00e9 de nettoyer cette zone s\u00e9par\u00e9ment (pour plus de d\u00e9tails, voir le descriptif produit du \u00ab\u00a0fil dentaire\u00a0\u00bb)<\/p>\n<p>La langue contient elle aussi des d\u00e9p\u00f4ts. Des bact\u00e9ries s\u2019y installent, souvent \u00e0 l\u2019origine de la mauvaise haleine. Il suffit de quelques secondes pour les \u00e9liminer. Avec la brosse \u00e0 dents \u00e0 t\u00eate amovible, c\u2019est particuli\u00e8rement facile. D\u00e9clipsez la t\u00eate, raclez votre langue avec la petite partie situ\u00e9e en haut du manche, de l\u2019arri\u00e8re vers l\u2019avant, puis rincez le manche sous un filet d\u2019eau. Vous pouvez ensuite reclipser la t\u00eate. Par rapport aux autres gratte-langue, cette brosse \u00e0 dents est dot\u00e9e d\u2019une plus petite zone de grattage. Mais l\u2019avantage est que le r\u00e9flexe naus\u00e9eux lors du nettoyage de la langue survient moins rapidement. Et elle est tout aussi efficace.<\/p>\n<h3>Les brossettes interdentaires qui se replient<\/h3>\n<p>Les brossettes interdentaires Circum\u00ae yaweco sont con\u00e7ues de telle sorte que leur utilisation soit facile et agr\u00e9able. Il est important que les gencives ne soient pas bless\u00e9es. Positionnez les brossettes dans le triangle situ\u00e9 entre les gencives et les dents adjacentes. Pour ce faire, vous pouvez agiter l\u00e9g\u00e8rement la brossette, en n\u2019exer\u00e7ant toutefois aucune pression.\u00a0<strong>Lorsque le fil se replie, c\u2019est que la brosse est trop grande.\u00a0<\/strong>Essayez alors avec une brossette interdentaire offrant un diam\u00e8tre plus petit ou avec un fil dentaire, si vous ne disposez pas d\u2019une taille plus petite. Si l\u2019on renfor\u00e7ait le fil, le risque serait d\u2019utiliser les brossettes interdentaires en exer\u00e7ant une pression suppl\u00e9mentaire, ce qui entra\u00eenerait des blessures des gencives. Des \u00e9tudes cliniques le confirment ou pour l\u2019exprimer de mani\u00e8re plus drastique, on pourrait dire que des trous dans les gencives sont plus graves que des espaces interdentaires mal nettoy\u00e9s. Et ceci malgr\u00e9 ce qui vient d\u2019\u00eatre expliqu\u00e9, \u00e0 savoir que la plaque dentaire dans les espaces interdentaires entra\u00eene des probl\u00e8mes dentaires.[\/vc_column_text]<a itemprop=\"url\" href=\"\/fr\/produits\/les-brosses-interdentaires-circum\/\" target=\"_self\"  class=\"eltdf-btn eltdf-btn-medium eltdf-btn-solid eltdf-btn-animation\"  >\n    <span class=\"eltdf-btn-text\">\n    D\u00e9couvrir les brossettes interdentaires Circum        \t<span class=\"eltdf-btn-bottom-line\"><\/span>\n    \t<span class=\"eltdf-btn-upper-line\"><\/span>\n        <\/span>\n    <\/a>[\/vc_column_inner][vc_column_inner el_class=\u00a0\u00bbtipps_bilder\u00a0\u00bb width=\u00a0\u00bb1\/3&Prime;]<div class=\"eltdf-image-with-text-holder\">\n    <div class=\"eltdf-iwt-image\">\n                                    <img loading=\"lazy\" decoding=\"async\" width=\"2350\" height=\"1567\" src=\"https:\/\/yaweco.de\/wp-content\/uploads\/2019\/10\/DSC00001-2.jpg\" class=\"attachment-full size-full\" alt=\"\" srcset=\"https:\/\/yaweco.de\/wp-content\/uploads\/2019\/10\/DSC00001-2.jpg 2350w, https:\/\/yaweco.de\/wp-content\/uploads\/2019\/10\/DSC00001-2-300x200.jpg 300w, https:\/\/yaweco.de\/wp-content\/uploads\/2019\/10\/DSC00001-2-768x512.jpg 768w, https:\/\/yaweco.de\/wp-content\/uploads\/2019\/10\/DSC00001-2-1024x683.jpg 1024w\" sizes=\"auto, (max-width: 2350px) 100vw, 2350px\" \/>                        <\/div>\n    <div class=\"eltdf-iwt-text-holder\">\n        \t\t    <\/div>\n<\/div>[\/vc_column_inner][\/vc_row_inner][\/vc_column][\/vc_row]<\/p>\n","protected":false},"excerpt":{"rendered":"<p>[vc_row css=\u00a0\u00bb.vc_custom_1570881925094{border-bottom-width: 10px !important;background-color: rgba(247,255,247,0.46) !important;background-position: center !important;background-repeat: no-repeat !important;background-size: cover !important;*background-color: rgb(247,255,247) !important;border-bottom-color: #88ac28 !important;border-bottom-style: solid !important;}\u00a0\u00bb el_id=\u00a0\u00bberste_zeile\u00a0\u00bb][vc_column css=\u00a0\u00bb.vc_custom_1474466825264{padding-top: 0px !important;}\u00a0\u00bb][vc_row_inner row_content_width=\u00a0\u00bbgrid\u00a0\u00bb el_id=\u00a0\u00bbInterdental\u00a0\u00bb][vc_column_inner width=\u00a0\u00bb2\/3&Prime;][vc_column_text css=\u00a0\u00bb.vc_custom_1575544138571{padding-bottom: 30px !important;}\u00a0\u00bb] Zone interdentaire [\/vc_column_text][\/vc_column_inner][vc_column_inner width=\u00a0\u00bb1\/3&Prime;][\/vc_column_inner][\/vc_row_inner][vc_row_inner row_content_width=\u00a0\u00bbgrid\u00a0\u00bb css=\u00a0\u00bb.vc_custom_1570260280162{padding-top: 0px !important;padding-bottom: 114px !important;}\u00a0\u00bb][vc_column_inner width=\u00a0\u00bb2\/3&Prime;][vc_column_text css=\u00a0\u00bb.vc_custom_1575544155128{padding-bottom: 30px !important;}\u00a0\u00bb]Une partie de la dent se situe dans une zone que la brosse \u00e0 dents ne permet pas d\u2019atteindre correctement. La plaque dentaire qui se trouve dans ces zones est \u00e0 l\u2019origine de caries et de parodontose. Outre les fissures et les concavit\u00e9s pr\u00e9sentes sur les surfaces de mastication, l\u2019espace interdentaire est une zone critique qui n\u00e9cessite un nettoyage suppl\u00e9mentaire. Pour les molaires, cela repr\u00e9sente pr\u00e8s de 40\u00a0% de la surface de la dent. Mais quelle que soit les dimensions de ces surfaces, il s\u2019agit de zones critiques qui doivent faire l\u2019objet d\u2019un nettoyage suppl\u00e9mentaire. On devrait chaque jour \u00ab d\u00e9placer \u00bb les r\u00e9sidus \u00e0 l\u2019aide d\u2019une brossette interdentaire [&hellip;]<\/p>\n","protected":false},"author":1,"featured_media":0,"parent":0,"menu_order":0,"comment_status":"closed","ping_status":"closed","template":"full-width.php","meta":{"footnotes":""},"class_list":["post-9855","page","type-page","status-publish","hentry"],"_links":{"self":[{"href":"https:\/\/yaweco.de\/fr\/wp-json\/wp\/v2\/pages\/9855","targetHints":{"allow":["GET"]}}],"collection":[{"href":"https:\/\/yaweco.de\/fr\/wp-json\/wp\/v2\/pages"}],"about":[{"href":"https:\/\/yaweco.de\/fr\/wp-json\/wp\/v2\/types\/page"}],"author":[{"embeddable":true,"href":"https:\/\/yaweco.de\/fr\/wp-json\/wp\/v2\/users\/1"}],"replies":[{"embeddable":true,"href":"https:\/\/yaweco.de\/fr\/wp-json\/wp\/v2\/comments?post=9855"}],"version-history":[{"count":1,"href":"https:\/\/yaweco.de\/fr\/wp-json\/wp\/v2\/pages\/9855\/revisions"}],"predecessor-version":[{"id":10268,"href":"https:\/\/yaweco.de\/fr\/wp-json\/wp\/v2\/pages\/9855\/revisions\/10268"}],"wp:attachment":[{"href":"https:\/\/yaweco.de\/fr\/wp-json\/wp\/v2\/media?parent=9855"}],"curies":[{"name":"wp","href":"https:\/\/api.w.org\/{rel}","templated":true}]}}